{"id":2192,"date":"2023-07-07T07:33:28","date_gmt":"2023-07-07T07:33:28","guid":{"rendered":"https:\/\/compilator.com\/shop\/?post_type=product&#038;p=2192"},"modified":"2025-01-13T08:24:23","modified_gmt":"2025-01-13T08:24:23","slug":"fargband","status":"publish","type":"product","link":"https:\/\/compilator.com\/shop\/produkt\/fargband\/","title":{"rendered":"F\u00e4rgband"},"content":{"rendered":"<p>F\u00e4rgband anv\u00e4nds I etikettskrivaren f\u00f6r att skriva p\u00e5 etiketterna.<br \/>\nS\u00e4ljs styckevis. Ett f\u00e4rgband r\u00e4cker till cirka 2 etikettrullar.<br \/>\nMoms och frakt tillkommer p\u00e5 varje best\u00e4llning och beror p\u00e5 antal best\u00e4llda varor.<br \/>\nVi garanterar endast kompatibilitet av f\u00e4rgbanden med skrivare Klipboard sj\u00e4lva s\u00e4ljer.<\/p>\n","protected":false},"excerpt":{"rendered":"<p>F\u00e4rgband anv\u00e4nds I etikettskrivaren f\u00f6r att skriva p\u00e5 etiketterna.<br \/>\nS\u00e4ljs styckevis. Ett f\u00e4rgband r\u00e4cker till cirka 2 etikettrullar.<br \/>\nMoms och frakt tillkommer p\u00e5 varje best\u00e4llning och beror p\u00e5 antal best\u00e4llda varor.<br \/>\nVi garanterar endast kompatibilitet av f\u00e4rgbanden med skrivare Klipboard sj\u00e4lva s\u00e4ljer.<\/p>\n","protected":false},"featured_media":2193,"template":"","meta":{"_et_pb_use_builder":"","_et_pb_old_content":"","_et_gb_content_width":""},"product_brand":[],"product_cat":[93],"product_tag":[],"class_list":{"0":"post-2192","1":"product","2":"type-product","3":"status-publish","4":"has-post-thumbnail","6":"product_cat-fargband","8":"first","9":"instock","10":"taxable","11":"shipping-taxable","12":"purchasable","13":"product-type-simple"},"aioseo_notices":[],"_links":{"self":[{"href":"https:\/\/compilator.com\/shop\/wp-json\/wp\/v2\/product\/2192","targetHints":{"allow":["GET"]}}],"collection":[{"href":"https:\/\/compilator.com\/shop\/wp-json\/wp\/v2\/product"}],"about":[{"href":"https:\/\/compilator.com\/shop\/wp-json\/wp\/v2\/types\/product"}],"wp:featuredmedia":[{"embeddable":true,"href":"https:\/\/compilator.com\/shop\/wp-json\/wp\/v2\/media\/2193"}],"wp:attachment":[{"href":"https:\/\/compilator.com\/shop\/wp-json\/wp\/v2\/media?parent=2192"}],"wp:term":[{"taxonomy":"product_brand","embeddable":true,"href":"https:\/\/compilator.com\/shop\/wp-json\/wp\/v2\/product_brand?post=2192"},{"taxonomy":"product_cat","embeddable":true,"href":"https:\/\/compilator.com\/shop\/wp-json\/wp\/v2\/product_cat?post=2192"},{"taxonomy":"product_tag","embeddable":true,"href":"https:\/\/compilator.com\/shop\/wp-json\/wp\/v2\/product_tag?post=2192"}],"curies":[{"name":"wp","href":"https:\/\/api.w.org\/{rel}","templated":true}]}}