{"id":2217,"date":"2023-07-07T08:56:21","date_gmt":"2023-07-07T08:56:21","guid":{"rendered":"https:\/\/compilator.com\/shop\/?post_type=product&#038;p=2217"},"modified":"2026-01-20T13:12:27","modified_gmt":"2026-01-20T13:12:27","slug":"etikettskrivare","status":"publish","type":"product","link":"https:\/\/compilator.com\/shop\/produkt\/etikettskrivare\/","title":{"rendered":"Zebra ZD421T USB"},"content":{"rendered":"<p>Effektivisera d\u00e4ckhotellet med en etikettskrivare s\u00e5 spar du mycket tid under h\u00f6gs\u00e4song och f\u00e5r mer kontroll \u00f6ver d\u00e4ckhotellet! Etikettskrivaren skriver snabbt ut en etikett f\u00f6r varje hjul med information om kundens namn, adress, f\u00f6rvaringsplats, registreringsnummer och hjulposition mm. All information h\u00e4mtas direkt fr\u00e5n kundens f\u00f6rvaringskort i Autowork.<\/p>\n<p>Moms och frakt tillkommer p\u00e5 varje best\u00e4llning och beror p\u00e5 antal best\u00e4llda varor.<\/p>\n","protected":false},"excerpt":{"rendered":"<p>Effektivisera d\u00e4ckhotellet med en etikettskrivare s\u00e5 spar du mycket tid under h\u00f6gs\u00e4song och f\u00e5r mer kontroll \u00f6ver d\u00e4ckhotellet! Etikettskrivaren skriver snabbt ut en etikett f\u00f6r varje hjul med information om kundens namn, adress, f\u00f6rvaringsplats, registreringsnummer och hjulposition mm. All information h\u00e4mtas direkt fr\u00e5n kundens f\u00f6rvaringskort i D\u00e4ckData.<\/p>\n<p>Moms och frakt tillkommer p\u00e5 varje best\u00e4llning och beror p\u00e5 antal best\u00e4llda varor.<\/p>\n","protected":false},"featured_media":2218,"template":"","meta":{"_et_pb_use_builder":"","_et_pb_old_content":"","_et_gb_content_width":""},"product_brand":[],"product_cat":[86,97],"product_tag":[],"class_list":{"0":"post-2217","1":"product","2":"type-product","3":"status-publish","4":"has-post-thumbnail","6":"product_cat-etiketter","7":"product_cat-etikettskrivare","9":"first","10":"instock","11":"taxable","12":"shipping-taxable","13":"purchasable","14":"product-type-simple"},"aioseo_notices":[],"_links":{"self":[{"href":"https:\/\/compilator.com\/shop\/wp-json\/wp\/v2\/product\/2217","targetHints":{"allow":["GET"]}}],"collection":[{"href":"https:\/\/compilator.com\/shop\/wp-json\/wp\/v2\/product"}],"about":[{"href":"https:\/\/compilator.com\/shop\/wp-json\/wp\/v2\/types\/product"}],"wp:featuredmedia":[{"embeddable":true,"href":"https:\/\/compilator.com\/shop\/wp-json\/wp\/v2\/media\/2218"}],"wp:attachment":[{"href":"https:\/\/compilator.com\/shop\/wp-json\/wp\/v2\/media?parent=2217"}],"wp:term":[{"taxonomy":"product_brand","embeddable":true,"href":"https:\/\/compilator.com\/shop\/wp-json\/wp\/v2\/product_brand?post=2217"},{"taxonomy":"product_cat","embeddable":true,"href":"https:\/\/compilator.com\/shop\/wp-json\/wp\/v2\/product_cat?post=2217"},{"taxonomy":"product_tag","embeddable":true,"href":"https:\/\/compilator.com\/shop\/wp-json\/wp\/v2\/product_tag?post=2217"}],"curies":[{"name":"wp","href":"https:\/\/api.w.org\/{rel}","templated":true}]}}