{"id":3213,"date":"2023-08-17T13:29:33","date_gmt":"2023-08-17T13:29:33","guid":{"rendered":"https:\/\/compilator.com\/shop\/?post_type=product&#038;p=3213"},"modified":"2026-04-14T00:00:20","modified_gmt":"2026-04-14T00:00:20","slug":"etikett-rod","status":"publish","type":"product","link":"https:\/\/compilator.com\/shop\/produkt\/etikett-rod\/","title":{"rendered":"Etikett R\u00f6d"},"content":{"rendered":"<p>S\u00e4ljs per rulle. V\u00e5ra etiketter finns i flera olika f\u00e4rger och dess speciella klister f\u00e4ster bra \u00e4ven om d\u00e4cken \u00e4r lite fuktiga.<br \/>\nMoms och frakt tillkommer p\u00e5 varje best\u00e4llning och beror p\u00e5 antal best\u00e4llda varor.<\/p>\n","protected":false},"excerpt":{"rendered":"<p>S\u00e4ljs per rulle. V\u00e5ra etiketter finns i flera olika f\u00e4rger och dess speciella klister f\u00e4ster bra \u00e4ven om d\u00e4cken \u00e4r lite fuktiga.<br \/>\nMoms och frakt tillkommer p\u00e5 varje best\u00e4llning och beror p\u00e5 antal best\u00e4llda varor.<\/p>\n","protected":false},"featured_media":2045,"template":"","meta":{"_et_pb_use_builder":"","_et_pb_old_content":"","_et_gb_content_width":""},"product_brand":[],"product_cat":[136],"product_tag":[],"class_list":{"0":"post-3213","1":"product","2":"type-product","3":"status-publish","4":"has-post-thumbnail","6":"product_cat-etikett","8":"first","9":"instock","10":"taxable","11":"shipping-taxable","12":"purchasable","13":"product-type-simple"},"aioseo_notices":[],"_links":{"self":[{"href":"https:\/\/compilator.com\/shop\/wp-json\/wp\/v2\/product\/3213","targetHints":{"allow":["GET"]}}],"collection":[{"href":"https:\/\/compilator.com\/shop\/wp-json\/wp\/v2\/product"}],"about":[{"href":"https:\/\/compilator.com\/shop\/wp-json\/wp\/v2\/types\/product"}],"wp:featuredmedia":[{"embeddable":true,"href":"https:\/\/compilator.com\/shop\/wp-json\/wp\/v2\/media\/2045"}],"wp:attachment":[{"href":"https:\/\/compilator.com\/shop\/wp-json\/wp\/v2\/media?parent=3213"}],"wp:term":[{"taxonomy":"product_brand","embeddable":true,"href":"https:\/\/compilator.com\/shop\/wp-json\/wp\/v2\/product_brand?post=3213"},{"taxonomy":"product_cat","embeddable":true,"href":"https:\/\/compilator.com\/shop\/wp-json\/wp\/v2\/product_cat?post=3213"},{"taxonomy":"product_tag","embeddable":true,"href":"https:\/\/compilator.com\/shop\/wp-json\/wp\/v2\/product_tag?post=3213"}],"curies":[{"name":"wp","href":"https:\/\/api.w.org\/{rel}","templated":true}]}}